{"id":6343,"date":"2026-03-18T13:27:34","date_gmt":"2026-03-18T17:27:34","guid":{"rendered":"https:\/\/galeriesaintpaul.com\/le-choix-de-lartiste\/"},"modified":"2026-03-18T13:27:35","modified_gmt":"2026-03-18T17:27:35","slug":"le-choix-de-lartiste","status":"publish","type":"page","link":"https:\/\/galeriesaintpaul.com\/fr\/le-choix-de-lartiste\/","title":{"rendered":"Le choix de l&rsquo;artiste"},"content":{"rendered":"<p>[et_pb_section fb_built=\u00a0\u00bb1&Prime; custom_padding_last_edited=\u00a0\u00bboff|desktop\u00a0\u00bb admin_label=\u00a0\u00bbHeader\u00a0\u00bb _builder_version=\u00a0\u00bb4.16&Prime; use_background_color_gradient=\u00a0\u00bbon\u00a0\u00bb background_color_gradient_direction=\u00a0\u00bb90deg\u00a0\u00bb background_color_gradient_stops=\u00a0\u00bb#ffffff 50%|#e9e7e8 50%\u00a0\u00bb background_color_gradient_start=\u00a0\u00bb#ffffff\u00a0\u00bb background_color_gradient_start_position=\u00a0\u00bb50%\u00a0\u00bb background_color_gradient_end=\u00a0\u00bb#e9e7e8&Prime; background_color_gradient_end_position=\u00a0\u00bb50%\u00a0\u00bb background_image=\u00a0\u00bbhttps:\/\/galeriesaintpaul.com\/wp-content\/uploads\/2021\/06\/photo-hero.jpg\u00a0\u00bb width=\u00a0\u00bb100%\u00a0\u00bb max_width=\u00a0\u00bb100%\u00a0\u00bb max_width_tablet=\u00a0\u00bb\u00a0\u00bb max_width_phone=\u00a0\u00bb\u00a0\u00bb max_width_last_edited=\u00a0\u00bbon|desktop\u00a0\u00bb custom_padding=\u00a0\u00bb5vw||5vw||true|false\u00a0\u00bb custom_padding_tablet=\u00a0\u00bb5vw||5vw||true\u00a0\u00bb background_last_edited=\u00a0\u00bbon|phone\u00a0\u00bb use_background_color_gradient_tablet=\u00a0\u00bbon\u00a0\u00bb use_background_color_gradient_phone=\u00a0\u00bbon\u00a0\u00bb background_color_gradient_stops_tablet=\u00a0\u00bb#efefef 73%|#29c4a9 100%\u00a0\u00bb background_color_gradient_start_tablet=\u00a0\u00bb#efefef\u00a0\u00bb background_color_gradient_start_position_tablet=\u00a0\u00bb73%\u00a0\u00bb background_color_gradient_start_position_phone=\u00a0\u00bb100%\u00a0\u00bb background_position_tablet=\u00a0\u00bbtop_left\u00a0\u00bb locked=\u00a0\u00bboff\u00a0\u00bb collapsed=\u00a0\u00bbon\u00a0\u00bb global_colors_info=\u00a0\u00bb{}\u00a0\u00bb theme_builder_area=\u00a0\u00bbpost_content\u00a0\u00bb][et_pb_row _builder_version=\u00a0\u00bb4.16&Prime; max_width=\u00a0\u00bb1440px\u00a0\u00bb use_custom_width=\u00a0\u00bbon\u00a0\u00bb width_unit=\u00a0\u00bboff\u00a0\u00bb custom_width_percent=\u00a0\u00bb100%\u00a0\u00bb locked=\u00a0\u00bboff\u00a0\u00bb global_colors_info=\u00a0\u00bb{}\u00a0\u00bb theme_builder_area=\u00a0\u00bbpost_content\u00a0\u00bb][et_pb_column type=\u00a0\u00bb4_4&Prime; _builder_version=\u00a0\u00bb4.16&Prime; custom_padding=\u00a0\u00bb|||\u00a0\u00bb global_colors_info=\u00a0\u00bb{}\u00a0\u00bb custom_padding__hover=\u00a0\u00bb|||\u00a0\u00bb theme_builder_area=\u00a0\u00bbpost_content\u00a0\u00bb][et_pb_text _builder_version=\u00a0\u00bb4.27.6&Prime; text_font=\u00a0\u00bb||||||||\u00a0\u00bb header_font=\u00a0\u00bbPrata||||||||\u00a0\u00bb header_text_align=\u00a0\u00bbcenter\u00a0\u00bb header_text_color=\u00a0\u00bb#000000&Prime; header_font_size=\u00a0\u00bb90px\u00a0\u00bb header_2_font=\u00a0\u00bb|500||on|||||\u00a0\u00bb header_2_font_size=\u00a0\u00bb14px\u00a0\u00bb header_2_letter_spacing=\u00a0\u00bb5px\u00a0\u00bb header_2_line_height=\u00a0\u00bb2em\u00a0\u00bb transform_translate_linked=\u00a0\u00bboff\u00a0\u00bb max_width=\u00a0\u00bb100%\u00a0\u00bb max_width_tablet=\u00a0\u00bb70%\u00a0\u00bb max_width_last_edited=\u00a0\u00bboff|phone\u00a0\u00bb hover_enabled=\u00a0\u00bb0&Prime; header_font_size_tablet=\u00a0\u00bb80px\u00a0\u00bb header_font_size_phone=\u00a0\u00bb50px\u00a0\u00bb header_font_size_last_edited=\u00a0\u00bbon|phone\u00a0\u00bb global_colors_info=\u00a0\u00bb{}\u00a0\u00bb theme_builder_area=\u00a0\u00bbpost_content\u00a0\u00bb sticky_enabled=\u00a0\u00bb0&Prime;]<\/p>\n<h1>Le choix de l&rsquo;artiste<\/h1>\n<h1><\/h1>\n<p>[\/et_pb_text][\/et_pb_column][\/et_pb_row][\/et_pb_section][et_pb_section fb_built=\u00a0\u00bb1&Prime; custom_padding_last_edited=\u00a0\u00bboff|desktop\u00a0\u00bb admin_label=\u00a0\u00bbHeader\u00a0\u00bb module_id=\u00a0\u00bbbrichard\u00a0\u00bb _builder_version=\u00a0\u00bb4.27.4&Prime; background_color_gradient_direction=\u00a0\u00bb188deg\u00a0\u00bb background_image=\u00a0\u00bbhttps:\/\/galeriesaintpaul.com\/wp-content\/uploads\/2021\/05\/art-gallery-55.jpg\u00a0\u00bb background_size=\u00a0\u00bbinitial\u00a0\u00bb background_repeat=\u00a0\u00bbrepeat\u00a0\u00bb width=\u00a0\u00bb100%\u00a0\u00bb custom_padding=\u00a0\u00bb50px||50px||true|false\u00a0\u00bb custom_padding_tablet=\u00a0\u00bb5vw||5vw||true\u00a0\u00bb global_colors_info=\u00a0\u00bb{}\u00a0\u00bb theme_builder_area=\u00a0\u00bbpost_content\u00a0\u00bb][et_pb_row custom_padding_last_edited=\u00a0\u00bboff|phone\u00a0\u00bb _builder_version=\u00a0\u00bb4.24.3&Prime; background_color=\u00a0\u00bb#FFFFFF\u00a0\u00bb background_position=\u00a0\u00bbbottom_center\u00a0\u00bb custom_padding_tablet=\u00a0\u00bb17vw||17vw||false\u00a0\u00bb use_custom_width=\u00a0\u00bbon\u00a0\u00bb width_unit=\u00a0\u00bboff\u00a0\u00bb custom_width_percent=\u00a0\u00bb100%\u00a0\u00bb locked=\u00a0\u00bboff\u00a0\u00bb global_colors_info=\u00a0\u00bb{}\u00a0\u00bb theme_builder_area=\u00a0\u00bbpost_content\u00a0\u00bb][et_pb_column type=\u00a0\u00bb4_4&Prime; _builder_version=\u00a0\u00bb4.16&Prime; custom_padding=\u00a0\u00bb|||\u00a0\u00bb global_colors_info=\u00a0\u00bb{}\u00a0\u00bb custom_padding__hover=\u00a0\u00bb|||\u00a0\u00bb theme_builder_area=\u00a0\u00bbpost_content\u00a0\u00bb][et_pb_text _builder_version=\u00a0\u00bb4.27.6&Prime; text_font=\u00a0\u00bb||||||||\u00a0\u00bb text_text_color=\u00a0\u00bb#000000&Prime; text_font_size=\u00a0\u00bb14px\u00a0\u00bb header_font=\u00a0\u00bb||||||||\u00a0\u00bb header_2_font=\u00a0\u00bbPrata|500|||||||\u00a0\u00bb header_2_text_align=\u00a0\u00bbleft\u00a0\u00bb header_2_font_size=\u00a0\u00bb56px\u00a0\u00bb header_2_line_height=\u00a0\u00bb1.3em\u00a0\u00bb header_4_font=\u00a0\u00bb|700|||||||\u00a0\u00bb header_4_font_size=\u00a0\u00bb16px\u00a0\u00bb header_4_line_height=\u00a0\u00bb1.2em\u00a0\u00bb transform_translate_linked=\u00a0\u00bboff\u00a0\u00bb max_width_tablet=\u00a0\u00bb70%\u00a0\u00bb max_width_last_edited=\u00a0\u00bboff|phone\u00a0\u00bb hover_enabled=\u00a0\u00bb0&Prime; header_2_font_size_tablet=\u00a0\u00bb40px\u00a0\u00bb header_2_font_size_phone=\u00a0\u00bb26px\u00a0\u00bb header_2_font_size_last_edited=\u00a0\u00bbon|desktop\u00a0\u00bb global_colors_info=\u00a0\u00bb{}\u00a0\u00bb theme_builder_area=\u00a0\u00bbpost_content\u00a0\u00bb sticky_enabled=\u00a0\u00bb0&Prime;]<\/p>\n<p>Une s\u00e9lection personnelle d&rsquo;\u0153uvres qui me touchent profond\u00e9ment.<\/p>\n<p>Bienvenue dans cette s\u00e9lection d&rsquo;\u0153uvres choisies avec le c\u0153ur. Ces tableaux ne sont pas forc\u00e9ment les plus populaires ni les plus vendus, mais ils renferment une \u00e9motion, un souvenir ou une \u00e9tincelle cr\u00e9ative particuliers. Ils refl\u00e8tent des moments d&rsquo;inspiration, de contemplation et de libert\u00e9 artistique.  <\/p>\n<p>Chaque tableau que je cr\u00e9e a sa propre valeur, mais cette page vous offre un aper\u00e7u intime de ceux qui me touchent le plus. Je vous invite \u00e0 les d\u00e9couvrir non seulement comme des \u0153uvres d&rsquo;art, mais aussi comme des fragments de mon parcours \u2014 un parcours fait de passion, de pers\u00e9v\u00e9rance et de lumi\u00e8re. <\/p>\n<p>[\/et_pb_text][\/et_pb_column][\/et_pb_row][\/et_pb_section][et_pb_section fb_built=\u00a0\u00bb1&Prime; custom_padding_last_edited=\u00a0\u00bboff|desktop\u00a0\u00bb admin_label=\u00a0\u00bbWork\u00a0\u00bb module_id=\u00a0\u00bbJaugey\u00a0\u00bb _builder_version=\u00a0\u00bb4.27.4&Prime; background_color_gradient_direction=\u00a0\u00bb188deg\u00a0\u00bb background_image=\u00a0\u00bbhttps:\/\/galeriesaintpaul.com\/wp-content\/uploads\/2021\/05\/art-gallery-55.jpg\u00a0\u00bb background_size=\u00a0\u00bbinitial\u00a0\u00bb background_repeat=\u00a0\u00bbrepeat\u00a0\u00bb width=\u00a0\u00bb100%\u00a0\u00bb custom_padding=\u00a0\u00bb0px||30px||false|false\u00a0\u00bb custom_padding_tablet=\u00a0\u00bb5vw||5vw||true\u00a0\u00bb global_colors_info=\u00a0\u00bb{}\u00a0\u00bb theme_builder_area=\u00a0\u00bbpost_content\u00a0\u00bb][et_pb_row _builder_version=\u00a0\u00bb4.16&Prime; _module_preset=\u00a0\u00bbdefault\u00a0\u00bb custom_padding=\u00a0\u00bb30px||30px||true|false\u00a0\u00bb global_colors_info=\u00a0\u00bb{}\u00a0\u00bb theme_builder_area=\u00a0\u00bbpost_content\u00a0\u00bb][et_pb_column type=\u00a0\u00bb4_4&Prime; _builder_version=\u00a0\u00bb4.16&Prime; _module_preset=\u00a0\u00bbdefault\u00a0\u00bb global_colors_info=\u00a0\u00bb{}\u00a0\u00bb theme_builder_area=\u00a0\u00bbpost_content\u00a0\u00bb][et_pb_gallery gallery_ids=\u00a0\u00bb3945,4721,4723,3993,850,739,899,5536,1074,770,3599,905,867,4091,615,880,778,4597,5466,4903,879,5534,4958,840,631,4962,5530,621,5421,5024,5411,4918,4113,4793,4031,3619,4887,4966,5028,5006,5293,4826,4875,4879,529,887,547,539,478,552,1058,4948,1055,4932,5977,761,799,3607,4001,4011,3989,4301,882,4498,2708,835,611,873,4518,4789,5016,834,881,1050,1008,5493,5491,3143,728,742,3623,3625,598,3701,787,3386,5475,920,3651,847,5935,4586,4753,4785,4862,6341,4964,4974,4972,4970,4968,4960,5010,5014,5020,5022,3335,5077,5549,5428,5295,5673,5847,5797,5795,5784,5782,5287,6342,3925&Prime; posts_number=\u00a0\u00bb200&Prime; orientation=\u00a0\u00bbportrait\u00a0\u00bb _builder_version=\u00a0\u00bb4.27.4&Prime; _module_preset=\u00a0\u00bbdefault\u00a0\u00bb width=\u00a0\u00bb100%\u00a0\u00bb custom_margin=\u00a0\u00bb||0px||false|false\u00a0\u00bb custom_padding=\u00a0\u00bb||0px||false|false\u00a0\u00bb global_colors_info=\u00a0\u00bb{}\u00a0\u00bb theme_builder_area=\u00a0\u00bbpost_content\u00a0\u00bb][\/et_pb_gallery][\/et_pb_column][\/et_pb_row][\/et_pb_section]<\/p>\n","protected":false},"excerpt":{"rendered":"<p>Le choix de l&rsquo;artiste Une s\u00e9lection personnelle d&rsquo;\u0153uvres qui me touchent profond\u00e9ment. Bienvenue dans cette s\u00e9lection d&rsquo;\u0153uvres choisies avec le c\u0153ur. Ces tableaux ne sont pas forc\u00e9ment les plus populaires ni les plus vendus, mais ils renferment une \u00e9motion, un souvenir ou une \u00e9tincelle cr\u00e9ative particuliers. Ils refl\u00e8tent des moments d&rsquo;inspiration, de contemplation et de [&hellip;]<\/p>\n","protected":false},"author":1,"featured_media":0,"parent":0,"menu_order":0,"comment_status":"closed","ping_status":"closed","template":"","meta":{"_et_pb_use_builder":"on","_et_pb_old_content":"","_et_gb_content_width":"","footnotes":""},"class_list":["post-6343","page","type-page","status-publish","hentry"],"_links":{"self":[{"href":"https:\/\/galeriesaintpaul.com\/fr\/wp-json\/wp\/v2\/pages\/6343","targetHints":{"allow":["GET"]}}],"collection":[{"href":"https:\/\/galeriesaintpaul.com\/fr\/wp-json\/wp\/v2\/pages"}],"about":[{"href":"https:\/\/galeriesaintpaul.com\/fr\/wp-json\/wp\/v2\/types\/page"}],"author":[{"embeddable":true,"href":"https:\/\/galeriesaintpaul.com\/fr\/wp-json\/wp\/v2\/users\/1"}],"replies":[{"embeddable":true,"href":"https:\/\/galeriesaintpaul.com\/fr\/wp-json\/wp\/v2\/comments?post=6343"}],"version-history":[{"count":3,"href":"https:\/\/galeriesaintpaul.com\/fr\/wp-json\/wp\/v2\/pages\/6343\/revisions"}],"predecessor-version":[{"id":6346,"href":"https:\/\/galeriesaintpaul.com\/fr\/wp-json\/wp\/v2\/pages\/6343\/revisions\/6346"}],"wp:attachment":[{"href":"https:\/\/galeriesaintpaul.com\/fr\/wp-json\/wp\/v2\/media?parent=6343"}],"curies":[{"name":"wp","href":"https:\/\/api.w.org\/{rel}","templated":true}]}}